{"id":3,"date":"2024-11-11T01:25:00","date_gmt":"2024-11-11T01:25:00","guid":{"rendered":"http:\/\/serrurier16.fr\/?page_id=3"},"modified":"2024-12-11T02:44:17","modified_gmt":"2024-12-11T02:44:17","slug":"politique-de-confidentialite","status":"publish","type":"page","link":"https:\/\/serrurier16.fr\/en\/politique-de-confidentialite\/","title":{"rendered":"Privacy Policy"},"content":{"rendered":"<div data-elementor-type=\"wp-page\" data-elementor-id=\"3\" class=\"elementor elementor-3\" data-elementor-post-type=\"page\">\n\t\t\t\t<div class=\"elementor-element elementor-element-232bf67f e-flex e-con-boxed e-con e-parent\" data-id=\"232bf67f\" data-element_type=\"container\">\n\t\t\t\t\t<div class=\"e-con-inner\">\n\t\t\t\t<div class=\"elementor-element elementor-element-52554230 elementor-widget elementor-widget-text-editor\" data-id=\"52554230\" data-element_type=\"widget\" data-widget_type=\"text-editor.default\">\n\t\t\t\t<div class=\"elementor-widget-container\">\n\t\t\t\t\t\t\t\t\t<p><\/p><p><strong>Qui sommes-nous<\/strong><br \/>Texte sugg\u00e9r\u00e9 : L&rsquo;adresse de notre site Web est : <a href=\"http:\/\/serrurier16.fr\/en\/\" target=\"_new\" rel=\"noopener\">http:\/\/serrurier16.fr<\/a>.<\/p><hr \/><p><strong>Commentaires<\/strong><br \/>Texte sugg\u00e9r\u00e9 : Lorsque les visiteurs laissent des commentaires sur le site, nous collectons les donn\u00e9es affich\u00e9es dans le formulaire de commentaires, ainsi que l&rsquo;adresse IP du visiteur et la cha\u00eene de l&rsquo;agent utilisateur du navigateur pour aider \u00e0 la d\u00e9tection de spam.<\/p><p>Une cha\u00eene anonymis\u00e9e cr\u00e9\u00e9e \u00e0 partir de votre adresse e-mail (appel\u00e9e \u00e9galement un hash) peut \u00eatre fournie au service Gravatar pour v\u00e9rifier si vous l\u2019utilisez. La politique de confidentialit\u00e9 de Gravatar est disponible ici : <a href=\"https:\/\/automattic.com\/privacy\/\" target=\"_new\" rel=\"noopener\">https:\/\/automattic.com\/privacy\/<\/a>. Apr\u00e8s l&rsquo;approbation de votre commentaire, votre photo de profil est visible par le public dans le contexte de votre commentaire.<\/p><hr \/><p><strong>M\u00e9dias<\/strong><br \/>Texte sugg\u00e9r\u00e9 : Si vous t\u00e9l\u00e9chargez des images sur le site, vous devez \u00e9viter de t\u00e9l\u00e9charger des images avec des donn\u00e9es de localisation int\u00e9gr\u00e9es (EXIF GPS). Les visiteurs du site peuvent t\u00e9l\u00e9charger et extraire toute donn\u00e9e de localisation \u00e0 partir des images sur le site.<\/p><hr \/><p><strong>Cookies<\/strong><br \/>Texte sugg\u00e9r\u00e9 : Si vous laissez un commentaire sur notre site, vous pouvez choisir de sauvegarder votre nom, adresse e-mail et site Web dans des cookies. Cela vous permet de ne pas avoir \u00e0 remplir \u00e0 nouveau vos coordonn\u00e9es lorsque vous laissez un autre commentaire. Ces cookies dureront un an.<\/p><p>Si vous visitez notre page de connexion, nous d\u00e9finirons un cookie temporaire pour d\u00e9terminer si votre navigateur accepte les cookies. Ce cookie ne contient aucune donn\u00e9e personnelle et est supprim\u00e9 lorsque vous fermez votre navigateur.<\/p><p>Lorsque vous vous connectez, nous mettons \u00e9galement en place plusieurs cookies pour sauvegarder vos informations de connexion et vos choix d&rsquo;affichage. Les cookies de connexion durent deux jours, et les cookies d&rsquo;options d&rsquo;affichage durent un an. Si vous s\u00e9lectionnez \u00ab\u00a0Se souvenir de moi\u00a0\u00bb, votre connexion persistera pendant deux semaines. Si vous vous d\u00e9connectez de votre compte, les cookies de connexion seront supprim\u00e9s.<\/p><p>Si vous modifiez ou publiez un article, un cookie suppl\u00e9mentaire sera enregistr\u00e9 dans votre navigateur. Ce cookie ne contient aucune donn\u00e9e personnelle et indique simplement l&rsquo;ID du poste de l&rsquo;article que vous venez de modifier. Il expire apr\u00e8s 1 jour.<\/p><hr \/><p><strong>Contenu int\u00e9gr\u00e9 provenant d&rsquo;autres sites<\/strong><br \/>Texte sugg\u00e9r\u00e9 : Les articles de ce site peuvent inclure du contenu int\u00e9gr\u00e9 (par exemple, des vid\u00e9os, des images, des articles, etc.). Le contenu int\u00e9gr\u00e9 provenant d&rsquo;autres sites se comporte de la m\u00eame mani\u00e8re que si le visiteur avait visit\u00e9 l&rsquo;autre site.<\/p><p>Ces sites peuvent collecter des donn\u00e9es \u00e0 votre sujet, utiliser des cookies, int\u00e9grer un suivi suppl\u00e9mentaire de tiers et surveiller votre interaction avec ce contenu int\u00e9gr\u00e9, y compris le suivi de votre interaction avec le contenu int\u00e9gr\u00e9 si vous avez un compte et \u00eates connect\u00e9 \u00e0 ce site.<\/p><hr \/><p><strong>Avec qui nous partageons vos donn\u00e9es<\/strong><br \/>Texte sugg\u00e9r\u00e9 : Si vous demandez une r\u00e9initialisation de mot de passe, votre adresse IP sera incluse dans l&rsquo;e-mail de r\u00e9initialisation.<\/p><hr \/><p><strong>Combien de temps nous conservons vos donn\u00e9es<\/strong><br \/>Texte sugg\u00e9r\u00e9 : Si vous laissez un commentaire, le commentaire et ses m\u00e9tadonn\u00e9es sont conserv\u00e9s ind\u00e9finiment. Cela nous permet de reconna\u00eetre et d&rsquo;approuver automatiquement tout commentaire de suivi au lieu de le maintenir dans une file d&rsquo;attente de mod\u00e9ration.<\/p><p>Pour les utilisateurs qui s&rsquo;enregistrent sur notre site Web (si applicable), nous stockons \u00e9galement les informations personnelles qu&rsquo;ils fournissent dans leur profil d&rsquo;utilisateur. Tous les utilisateurs peuvent voir, modifier ou supprimer leurs informations personnelles \u00e0 tout moment (\u00e0 l&rsquo;exception du nom d&rsquo;utilisateur). Les administrateurs du site Web peuvent \u00e9galement voir et modifier ces informations.<\/p><hr \/><p><strong>Quels sont vos droits sur vos donn\u00e9es<\/strong><br \/>Texte sugg\u00e9r\u00e9 : Si vous avez un compte sur ce site, ou si vous avez laiss\u00e9 des commentaires, vous pouvez demander \u00e0 recevoir un fichier export\u00e9 des donn\u00e9es personnelles que nous d\u00e9tenons \u00e0 votre sujet, y compris toutes les donn\u00e9es que vous nous avez fournies. Vous pouvez \u00e9galement demander que nous effacions toutes les donn\u00e9es personnelles que nous d\u00e9tenons \u00e0 votre sujet. Cela ne comprend pas les donn\u00e9es que nous sommes oblig\u00e9s de conserver \u00e0 des fins administratives, juridiques ou de s\u00e9curit\u00e9.<\/p><hr \/><p><strong>O\u00f9 vos donn\u00e9es sont envoy\u00e9es<\/strong><br \/>Texte sugg\u00e9r\u00e9 : Les commentaires des visiteurs peuvent \u00eatre v\u00e9rifi\u00e9s par un service automatis\u00e9 de d\u00e9tection de spam.<\/p><p><\/p>\t\t\t\t\t\t\t\t<\/div>\n\t\t\t\t<\/div>\n\t\t\t\t\t<\/div>\n\t\t\t\t<\/div>\n\t\t\t\t<\/div>","protected":false},"excerpt":{"rendered":"<p>Qui sommes-nousTexte sugg\u00e9r\u00e9 : L&rsquo;adresse de notre site Web est : http:\/\/serrurier16.fr. CommentairesTexte sugg\u00e9r\u00e9 : Lorsque les visiteurs laissent des commentaires sur le site, nous collectons les donn\u00e9es affich\u00e9es dans le formulaire de commentaires, ainsi que l&rsquo;adresse IP du visiteur et la cha\u00eene de l&rsquo;agent utilisateur du navigateur pour aider \u00e0 la d\u00e9tection de spam. &#8230; <a title=\"Privacy Policy\" class=\"read-more\" href=\"https:\/\/serrurier16.fr\/en\/politique-de-confidentialite\/\" aria-label=\"Read more about Politique de confidentialit\u00e9\">Read more<\/a><\/p>","protected":false},"author":1,"featured_media":0,"parent":0,"menu_order":0,"comment_status":"closed","ping_status":"closed","template":"","meta":{"footnotes":""},"class_list":["post-3","page","type-page","status-publish"],"yoast_head":"<!-- This site is optimized with the Yoast SEO plugin v24.0 - https:\/\/yoast.com\/wordpress\/plugins\/seo\/ -->\n<title>Politique de confidentialit\u00e9 - Key75<\/title>\n<meta name=\"robots\" content=\"index, follow, max-snippet:-1, max-image-preview:large, max-video-preview:-1\" \/>\n<link rel=\"canonical\" href=\"https:\/\/serrurier16.fr\/en\/politique-de-confidentialite\/\" \/>\n<meta property=\"og:locale\" content=\"en_GB\" \/>\n<meta property=\"og:type\" content=\"article\" \/>\n<meta property=\"og:title\" content=\"Politique de confidentialit\u00e9 - Key75\" \/>\n<meta property=\"og:description\" content=\"Qui sommes-nousTexte sugg\u00e9r\u00e9 : L&rsquo;adresse de notre site Web est : http:\/\/serrurier16.fr. CommentairesTexte sugg\u00e9r\u00e9 : Lorsque les visiteurs laissent des commentaires sur le site, nous collectons les donn\u00e9es affich\u00e9es dans le formulaire de commentaires, ainsi que l&rsquo;adresse IP du visiteur et la cha\u00eene de l&rsquo;agent utilisateur du navigateur pour aider \u00e0 la d\u00e9tection de spam. ... Read more\" \/>\n<meta property=\"og:url\" content=\"https:\/\/serrurier16.fr\/en\/politique-de-confidentialite\/\" \/>\n<meta property=\"og:site_name\" content=\"Key75\" \/>\n<meta property=\"article:modified_time\" content=\"2024-12-11T02:44:17+00:00\" \/>\n<meta name=\"twitter:card\" content=\"summary_large_image\" \/>\n<meta name=\"twitter:label1\" content=\"Estimated reading time\" \/>\n\t<meta name=\"twitter:data1\" content=\"4 minutes\" \/>\n<script type=\"application\/ld+json\" class=\"yoast-schema-graph\">{\"@context\":\"https:\/\/schema.org\",\"@graph\":[{\"@type\":\"WebPage\",\"@id\":\"https:\/\/serrurier16.fr\/politique-de-confidentialite\/\",\"url\":\"https:\/\/serrurier16.fr\/politique-de-confidentialite\/\",\"name\":\"Politique de confidentialit\u00e9 - Key75\",\"isPartOf\":{\"@id\":\"https:\/\/serrurier16.fr\/#website\"},\"datePublished\":\"2024-11-11T01:25:00+00:00\",\"dateModified\":\"2024-12-11T02:44:17+00:00\",\"breadcrumb\":{\"@id\":\"https:\/\/serrurier16.fr\/politique-de-confidentialite\/#breadcrumb\"},\"inLanguage\":\"en-GB\",\"potentialAction\":[{\"@type\":\"ReadAction\",\"target\":[\"https:\/\/serrurier16.fr\/politique-de-confidentialite\/\"]}]},{\"@type\":\"BreadcrumbList\",\"@id\":\"https:\/\/serrurier16.fr\/politique-de-confidentialite\/#breadcrumb\",\"itemListElement\":[{\"@type\":\"ListItem\",\"position\":1,\"name\":\"Portada\",\"item\":\"https:\/\/serrurier16.fr\/\"},{\"@type\":\"ListItem\",\"position\":2,\"name\":\"Politique de confidentialit\u00e9\"}]},{\"@type\":\"WebSite\",\"@id\":\"https:\/\/serrurier16.fr\/#website\",\"url\":\"https:\/\/serrurier16.fr\/\",\"name\":\"KEY75\",\"description\":\"Serrurier \u00e0 Paris\",\"publisher\":{\"@id\":\"https:\/\/serrurier16.fr\/#organization\"},\"potentialAction\":[{\"@type\":\"SearchAction\",\"target\":{\"@type\":\"EntryPoint\",\"urlTemplate\":\"https:\/\/serrurier16.fr\/?s={search_term_string}\"},\"query-input\":{\"@type\":\"PropertyValueSpecification\",\"valueRequired\":true,\"valueName\":\"search_term_string\"}}],\"inLanguage\":\"en-GB\"},{\"@type\":\"Organization\",\"@id\":\"https:\/\/serrurier16.fr\/#organization\",\"name\":\"KEY75\",\"url\":\"https:\/\/serrurier16.fr\/\",\"logo\":{\"@type\":\"ImageObject\",\"inLanguage\":\"en-GB\",\"@id\":\"https:\/\/serrurier16.fr\/#\/schema\/logo\/image\/\",\"url\":\"https:\/\/serrurier16.fr\/wp-content\/uploads\/2024\/12\/Logo.png\",\"contentUrl\":\"https:\/\/serrurier16.fr\/wp-content\/uploads\/2024\/12\/Logo.png\",\"width\":428,\"height\":173,\"caption\":\"KEY75\"},\"image\":{\"@id\":\"https:\/\/serrurier16.fr\/#\/schema\/logo\/image\/\"}}]}<\/script>\n<!-- \/ Yoast SEO plugin. -->","yoast_head_json":{"title":"Politique de confidentialit\u00e9 - Key75","robots":{"index":"index","follow":"follow","max-snippet":"max-snippet:-1","max-image-preview":"max-image-preview:large","max-video-preview":"max-video-preview:-1"},"canonical":"https:\/\/serrurier16.fr\/en\/politique-de-confidentialite\/","og_locale":"en_GB","og_type":"article","og_title":"Politique de confidentialit\u00e9 - Key75","og_description":"Qui sommes-nousTexte sugg\u00e9r\u00e9 : L&rsquo;adresse de notre site Web est : http:\/\/serrurier16.fr. CommentairesTexte sugg\u00e9r\u00e9 : Lorsque les visiteurs laissent des commentaires sur le site, nous collectons les donn\u00e9es affich\u00e9es dans le formulaire de commentaires, ainsi que l&rsquo;adresse IP du visiteur et la cha\u00eene de l&rsquo;agent utilisateur du navigateur pour aider \u00e0 la d\u00e9tection de spam. ... Read more","og_url":"https:\/\/serrurier16.fr\/en\/politique-de-confidentialite\/","og_site_name":"Key75","article_modified_time":"2024-12-11T02:44:17+00:00","twitter_card":"summary_large_image","twitter_misc":{"Estimated reading time":"4 minutes"},"schema":{"@context":"https:\/\/schema.org","@graph":[{"@type":"WebPage","@id":"https:\/\/serrurier16.fr\/politique-de-confidentialite\/","url":"https:\/\/serrurier16.fr\/politique-de-confidentialite\/","name":"Politique de confidentialit\u00e9 - Key75","isPartOf":{"@id":"https:\/\/serrurier16.fr\/#website"},"datePublished":"2024-11-11T01:25:00+00:00","dateModified":"2024-12-11T02:44:17+00:00","breadcrumb":{"@id":"https:\/\/serrurier16.fr\/politique-de-confidentialite\/#breadcrumb"},"inLanguage":"en-GB","potentialAction":[{"@type":"ReadAction","target":["https:\/\/serrurier16.fr\/politique-de-confidentialite\/"]}]},{"@type":"BreadcrumbList","@id":"https:\/\/serrurier16.fr\/politique-de-confidentialite\/#breadcrumb","itemListElement":[{"@type":"ListItem","position":1,"name":"Portada","item":"https:\/\/serrurier16.fr\/"},{"@type":"ListItem","position":2,"name":"Politique de confidentialit\u00e9"}]},{"@type":"WebSite","@id":"https:\/\/serrurier16.fr\/#website","url":"https:\/\/serrurier16.fr\/","name":"KEY75","description":"Serrurier \u00e0 Paris","publisher":{"@id":"https:\/\/serrurier16.fr\/#organization"},"potentialAction":[{"@type":"SearchAction","target":{"@type":"EntryPoint","urlTemplate":"https:\/\/serrurier16.fr\/?s={search_term_string}"},"query-input":{"@type":"PropertyValueSpecification","valueRequired":true,"valueName":"search_term_string"}}],"inLanguage":"en-GB"},{"@type":"Organization","@id":"https:\/\/serrurier16.fr\/#organization","name":"KEY75","url":"https:\/\/serrurier16.fr\/","logo":{"@type":"ImageObject","inLanguage":"en-GB","@id":"https:\/\/serrurier16.fr\/#\/schema\/logo\/image\/","url":"https:\/\/serrurier16.fr\/wp-content\/uploads\/2024\/12\/Logo.png","contentUrl":"https:\/\/serrurier16.fr\/wp-content\/uploads\/2024\/12\/Logo.png","width":428,"height":173,"caption":"KEY75"},"image":{"@id":"https:\/\/serrurier16.fr\/#\/schema\/logo\/image\/"}}]}},"_links":{"self":[{"href":"https:\/\/serrurier16.fr\/en\/wp-json\/wp\/v2\/pages\/3"}],"collection":[{"href":"https:\/\/serrurier16.fr\/en\/wp-json\/wp\/v2\/pages"}],"about":[{"href":"https:\/\/serrurier16.fr\/en\/wp-json\/wp\/v2\/types\/page"}],"author":[{"embeddable":true,"href":"https:\/\/serrurier16.fr\/en\/wp-json\/wp\/v2\/users\/1"}],"replies":[{"embeddable":true,"href":"https:\/\/serrurier16.fr\/en\/wp-json\/wp\/v2\/comments?post=3"}],"version-history":[{"count":11,"href":"https:\/\/serrurier16.fr\/en\/wp-json\/wp\/v2\/pages\/3\/revisions"}],"predecessor-version":[{"id":967,"href":"https:\/\/serrurier16.fr\/en\/wp-json\/wp\/v2\/pages\/3\/revisions\/967"}],"wp:attachment":[{"href":"https:\/\/serrurier16.fr\/en\/wp-json\/wp\/v2\/media?parent=3"}],"curies":[{"name":"wp","href":"https:\/\/api.w.org\/{rel}","templated":true}]}}