{"id":456,"date":"2024-12-07T03:41:39","date_gmt":"2024-12-07T03:41:39","guid":{"rendered":"https:\/\/serrurier16.fr\/?page_id=456"},"modified":"2024-12-11T02:43:26","modified_gmt":"2024-12-11T02:43:26","slug":"termes-et-conditions","status":"publish","type":"page","link":"https:\/\/serrurier16.fr\/en\/termes-et-conditions\/","title":{"rendered":"Terms and Conditions"},"content":{"rendered":"<div data-elementor-type=\"wp-page\" data-elementor-id=\"456\" class=\"elementor elementor-456\" data-elementor-post-type=\"page\">\n\t\t\t\t<div class=\"elementor-element elementor-element-14b3734b e-flex e-con-boxed e-con e-parent\" data-id=\"14b3734b\" data-element_type=\"container\">\n\t\t\t\t\t<div class=\"e-con-inner\">\n\t\t\t\t<div class=\"elementor-element elementor-element-7283e935 elementor-widget elementor-widget-text-editor\" data-id=\"7283e935\" data-element_type=\"widget\" data-widget_type=\"text-editor.default\">\n\t\t\t\t<div class=\"elementor-widget-container\">\n\t\t\t\t\t\t\t\t\t<p><\/p><p><strong>1. Acceptation des Conditions<\/strong><br \/>En utilisant nos services, vous acceptez les termes et conditions d\u00e9crits dans ce contrat. Si vous n&rsquo;\u00eates pas d&rsquo;accord avec l&rsquo;un de ces termes, veuillez ne pas utiliser nos services.<\/p><p><strong>2. Services Fournis<\/strong><br \/>Key75 propose des services de serrurier incluant, mais sans s&rsquo;y limiter, les interventions pour les blocages de porte, l&rsquo;installation de serrures, les services d&rsquo;urgence, les remplacements de cl\u00e9s et les services de serrures de coffre-fort.<\/p><p><strong>3. Tarification et Paiements<\/strong><br \/>Les prix de nos services seront fournis avant toute intervention. Le paiement est d\u00fb \u00e0 la fin du service, sauf accord contraire. Nous nous r\u00e9servons le droit de modifier les prix sans pr\u00e9avis.<\/p><p><strong>4. Responsabilit\u00e9<\/strong><br \/>Key75 s&rsquo;engage \u00e0 fournir des services de serrurerie de haute qualit\u00e9. Nous ne sommes pas responsables des dommages ou pertes caus\u00e9s par une mauvaise utilisation des serrures ou par des d\u00e9faillances de s\u00e9curit\u00e9 ind\u00e9pendantes de notre volont\u00e9 apr\u00e8s la r\u00e9alisation du travail.<\/p><p><strong>5. Services d&rsquo;Urgence<\/strong><br \/>Nos services d&rsquo;urgence sont disponibles 24h\/24 et 7j\/7. Des tarifs d&rsquo;urgence peuvent s&rsquo;appliquer en dehors des heures de travail normales.<\/p><p><strong>6. Confidentialit\u00e9<\/strong><br \/>Nous respectons votre vie priv\u00e9e et nous engageons \u00e0 prot\u00e9ger les informations personnelles que vous fournissez. Nous ne partagerons pas vos donn\u00e9es avec des tiers sans votre consentement, sauf si cela est n\u00e9cessaire pour fournir les services que vous avez demand\u00e9s.<\/p><p><strong>7. Modifications<\/strong><br \/>Key75 se r\u00e9serve le droit de modifier ces Termes et Conditions \u00e0 tout moment. Toute modification prendra effet d\u00e8s sa publication sur notre site web.<\/p><p><strong>8. Droit Applicable<\/strong><br \/>Ces Termes et Conditions sont r\u00e9gis par les lois du pays ou de la r\u00e9gion o\u00f9 le service est fourni. Tout litige sera r\u00e9solu conform\u00e9ment aux lois locales applicables.<\/p><p><strong>9. Contact<\/strong><br \/>Pour toute question ou clarification concernant ces Termes et Conditions, veuillez nous contacter via notre site web ou par t\u00e9l\u00e9phone.<\/p><p><\/p>\t\t\t\t\t\t\t\t<\/div>\n\t\t\t\t<\/div>\n\t\t\t\t\t<\/div>\n\t\t\t\t<\/div>\n\t\t\t\t<\/div>","protected":false},"excerpt":{"rendered":"<p>1. Acceptation des ConditionsEn utilisant nos services, vous acceptez les termes et conditions d\u00e9crits dans ce contrat. Si vous n&rsquo;\u00eates pas d&rsquo;accord avec l&rsquo;un de ces termes, veuillez ne pas utiliser nos services. 2. Services FournisKey75 propose des services de serrurier incluant, mais sans s&rsquo;y limiter, les interventions pour les blocages de porte, l&rsquo;installation de &#8230; <a title=\"Terms and Conditions\" class=\"read-more\" href=\"https:\/\/serrurier16.fr\/en\/termes-et-conditions\/\" aria-label=\"Read more about Termes et conditions\">Read more<\/a><\/p>","protected":false},"author":1,"featured_media":0,"parent":0,"menu_order":0,"comment_status":"closed","ping_status":"closed","template":"","meta":{"footnotes":""},"class_list":["post-456","page","type-page","status-publish"],"yoast_head":"<!-- This site is optimized with the Yoast SEO plugin v24.0 - https:\/\/yoast.com\/wordpress\/plugins\/seo\/ -->\n<title>Termes et conditions - Key75<\/title>\n<meta name=\"robots\" content=\"index, follow, max-snippet:-1, max-image-preview:large, max-video-preview:-1\" \/>\n<link rel=\"canonical\" href=\"https:\/\/serrurier16.fr\/en\/termes-et-conditions\/\" \/>\n<meta property=\"og:locale\" content=\"en_GB\" \/>\n<meta property=\"og:type\" content=\"article\" \/>\n<meta property=\"og:title\" content=\"Termes et conditions - Key75\" \/>\n<meta property=\"og:description\" content=\"1. Acceptation des ConditionsEn utilisant nos services, vous acceptez les termes et conditions d\u00e9crits dans ce contrat. Si vous n&rsquo;\u00eates pas d&rsquo;accord avec l&rsquo;un de ces termes, veuillez ne pas utiliser nos services. 2. Services FournisKey75 propose des services de serrurier incluant, mais sans s&rsquo;y limiter, les interventions pour les blocages de porte, l&rsquo;installation de ... Read more\" \/>\n<meta property=\"og:url\" content=\"https:\/\/serrurier16.fr\/en\/termes-et-conditions\/\" \/>\n<meta property=\"og:site_name\" content=\"Key75\" \/>\n<meta property=\"article:modified_time\" content=\"2024-12-11T02:43:26+00:00\" \/>\n<meta name=\"twitter:card\" content=\"summary_large_image\" \/>\n<meta name=\"twitter:label1\" content=\"Estimated reading time\" \/>\n\t<meta name=\"twitter:data1\" content=\"2 minutes\" \/>\n<script type=\"application\/ld+json\" class=\"yoast-schema-graph\">{\"@context\":\"https:\/\/schema.org\",\"@graph\":[{\"@type\":\"WebPage\",\"@id\":\"https:\/\/serrurier16.fr\/termes-et-conditions\/\",\"url\":\"https:\/\/serrurier16.fr\/termes-et-conditions\/\",\"name\":\"Termes et conditions - Key75\",\"isPartOf\":{\"@id\":\"https:\/\/serrurier16.fr\/#website\"},\"datePublished\":\"2024-12-07T03:41:39+00:00\",\"dateModified\":\"2024-12-11T02:43:26+00:00\",\"breadcrumb\":{\"@id\":\"https:\/\/serrurier16.fr\/termes-et-conditions\/#breadcrumb\"},\"inLanguage\":\"en-GB\",\"potentialAction\":[{\"@type\":\"ReadAction\",\"target\":[\"https:\/\/serrurier16.fr\/termes-et-conditions\/\"]}]},{\"@type\":\"BreadcrumbList\",\"@id\":\"https:\/\/serrurier16.fr\/termes-et-conditions\/#breadcrumb\",\"itemListElement\":[{\"@type\":\"ListItem\",\"position\":1,\"name\":\"Portada\",\"item\":\"https:\/\/serrurier16.fr\/\"},{\"@type\":\"ListItem\",\"position\":2,\"name\":\"Termes et conditions\"}]},{\"@type\":\"WebSite\",\"@id\":\"https:\/\/serrurier16.fr\/#website\",\"url\":\"https:\/\/serrurier16.fr\/\",\"name\":\"KEY75\",\"description\":\"Serrurier \u00e0 Paris\",\"publisher\":{\"@id\":\"https:\/\/serrurier16.fr\/#organization\"},\"potentialAction\":[{\"@type\":\"SearchAction\",\"target\":{\"@type\":\"EntryPoint\",\"urlTemplate\":\"https:\/\/serrurier16.fr\/?s={search_term_string}\"},\"query-input\":{\"@type\":\"PropertyValueSpecification\",\"valueRequired\":true,\"valueName\":\"search_term_string\"}}],\"inLanguage\":\"en-GB\"},{\"@type\":\"Organization\",\"@id\":\"https:\/\/serrurier16.fr\/#organization\",\"name\":\"KEY75\",\"url\":\"https:\/\/serrurier16.fr\/\",\"logo\":{\"@type\":\"ImageObject\",\"inLanguage\":\"en-GB\",\"@id\":\"https:\/\/serrurier16.fr\/#\/schema\/logo\/image\/\",\"url\":\"https:\/\/serrurier16.fr\/wp-content\/uploads\/2024\/12\/Logo.png\",\"contentUrl\":\"https:\/\/serrurier16.fr\/wp-content\/uploads\/2024\/12\/Logo.png\",\"width\":428,\"height\":173,\"caption\":\"KEY75\"},\"image\":{\"@id\":\"https:\/\/serrurier16.fr\/#\/schema\/logo\/image\/\"}}]}<\/script>\n<!-- \/ Yoast SEO plugin. -->","yoast_head_json":{"title":"Termes et conditions - Key75","robots":{"index":"index","follow":"follow","max-snippet":"max-snippet:-1","max-image-preview":"max-image-preview:large","max-video-preview":"max-video-preview:-1"},"canonical":"https:\/\/serrurier16.fr\/en\/termes-et-conditions\/","og_locale":"en_GB","og_type":"article","og_title":"Termes et conditions - Key75","og_description":"1. Acceptation des ConditionsEn utilisant nos services, vous acceptez les termes et conditions d\u00e9crits dans ce contrat. Si vous n&rsquo;\u00eates pas d&rsquo;accord avec l&rsquo;un de ces termes, veuillez ne pas utiliser nos services. 2. Services FournisKey75 propose des services de serrurier incluant, mais sans s&rsquo;y limiter, les interventions pour les blocages de porte, l&rsquo;installation de ... Read more","og_url":"https:\/\/serrurier16.fr\/en\/termes-et-conditions\/","og_site_name":"Key75","article_modified_time":"2024-12-11T02:43:26+00:00","twitter_card":"summary_large_image","twitter_misc":{"Estimated reading time":"2 minutes"},"schema":{"@context":"https:\/\/schema.org","@graph":[{"@type":"WebPage","@id":"https:\/\/serrurier16.fr\/termes-et-conditions\/","url":"https:\/\/serrurier16.fr\/termes-et-conditions\/","name":"Termes et conditions - Key75","isPartOf":{"@id":"https:\/\/serrurier16.fr\/#website"},"datePublished":"2024-12-07T03:41:39+00:00","dateModified":"2024-12-11T02:43:26+00:00","breadcrumb":{"@id":"https:\/\/serrurier16.fr\/termes-et-conditions\/#breadcrumb"},"inLanguage":"en-GB","potentialAction":[{"@type":"ReadAction","target":["https:\/\/serrurier16.fr\/termes-et-conditions\/"]}]},{"@type":"BreadcrumbList","@id":"https:\/\/serrurier16.fr\/termes-et-conditions\/#breadcrumb","itemListElement":[{"@type":"ListItem","position":1,"name":"Portada","item":"https:\/\/serrurier16.fr\/"},{"@type":"ListItem","position":2,"name":"Termes et conditions"}]},{"@type":"WebSite","@id":"https:\/\/serrurier16.fr\/#website","url":"https:\/\/serrurier16.fr\/","name":"KEY75","description":"Serrurier \u00e0 Paris","publisher":{"@id":"https:\/\/serrurier16.fr\/#organization"},"potentialAction":[{"@type":"SearchAction","target":{"@type":"EntryPoint","urlTemplate":"https:\/\/serrurier16.fr\/?s={search_term_string}"},"query-input":{"@type":"PropertyValueSpecification","valueRequired":true,"valueName":"search_term_string"}}],"inLanguage":"en-GB"},{"@type":"Organization","@id":"https:\/\/serrurier16.fr\/#organization","name":"KEY75","url":"https:\/\/serrurier16.fr\/","logo":{"@type":"ImageObject","inLanguage":"en-GB","@id":"https:\/\/serrurier16.fr\/#\/schema\/logo\/image\/","url":"https:\/\/serrurier16.fr\/wp-content\/uploads\/2024\/12\/Logo.png","contentUrl":"https:\/\/serrurier16.fr\/wp-content\/uploads\/2024\/12\/Logo.png","width":428,"height":173,"caption":"KEY75"},"image":{"@id":"https:\/\/serrurier16.fr\/#\/schema\/logo\/image\/"}}]}},"_links":{"self":[{"href":"https:\/\/serrurier16.fr\/en\/wp-json\/wp\/v2\/pages\/456"}],"collection":[{"href":"https:\/\/serrurier16.fr\/en\/wp-json\/wp\/v2\/pages"}],"about":[{"href":"https:\/\/serrurier16.fr\/en\/wp-json\/wp\/v2\/types\/page"}],"author":[{"embeddable":true,"href":"https:\/\/serrurier16.fr\/en\/wp-json\/wp\/v2\/users\/1"}],"replies":[{"embeddable":true,"href":"https:\/\/serrurier16.fr\/en\/wp-json\/wp\/v2\/comments?post=456"}],"version-history":[{"count":9,"href":"https:\/\/serrurier16.fr\/en\/wp-json\/wp\/v2\/pages\/456\/revisions"}],"predecessor-version":[{"id":964,"href":"https:\/\/serrurier16.fr\/en\/wp-json\/wp\/v2\/pages\/456\/revisions\/964"}],"wp:attachment":[{"href":"https:\/\/serrurier16.fr\/en\/wp-json\/wp\/v2\/media?parent=456"}],"curies":[{"name":"wp","href":"https:\/\/api.w.org\/{rel}","templated":true}]}}